{"id":10,"date":"2022-11-24T09:24:12","date_gmt":"2022-11-24T07:24:12","guid":{"rendered":"https:\/\/kiinteistoherlevi.fi\/?page_id=10"},"modified":"2023-01-02T10:14:25","modified_gmt":"2023-01-02T08:14:25","slug":"kiinteisto-herlevi","status":"publish","type":"page","link":"https:\/\/kiinteistoherlevi.fi\/","title":{"rendered":"Kiinteist\u00f6 Herlevi"},"content":{"rendered":"<h2>Me palvelemme sinua<\/h2>\n<p>\t\t\t\t\t\t\t\t\t\t\t\t<img decoding=\"async\" width=\"394\" height=\"400\" src=\"https:\/\/kiinteistoherlevi.fi\/wp-content\/uploads\/2022\/11\/kuva_vaha_pienempi.400x400.jpg\" alt=\"Kari Herlevi\" loading=\"lazy\" srcset=\"https:\/\/kiinteistoherlevi.fi\/wp-content\/uploads\/2022\/11\/kuva_vaha_pienempi.400x400.jpg 394w, https:\/\/kiinteistoherlevi.fi\/wp-content\/uploads\/2022\/11\/kuva_vaha_pienempi.400x400-296x300.jpg 296w\" sizes=\"auto, (max-width: 394px) 100vw, 394px\" \/>\t\t\t\t\t\t\t\t\t\t\t\t\t\t<\/p>\n<p>Luotettava palvelu on avainasia.<br style=\"box-sizing: inherit; border: 0px solid currentcolor; color: #333333; font-family: Archivo, Ubuntu, system-ui, -apple-system, BlinkMacSystemFont, 'Segoe UI', Roboto, Oxygen, Cantarell, 'Droid Sans', 'Helvetica Neue', 'Fira Sans', sans-serif; font-size: 24px;\" \/><br style=\"box-sizing: inherit; border: 0px solid currentcolor; color: #333333; font-family: Archivo, Ubuntu, system-ui, -apple-system, BlinkMacSystemFont, 'Segoe UI', Roboto, Oxygen, Cantarell, 'Droid Sans', 'Helvetica Neue', 'Fira Sans', sans-serif; font-size: 24px;\" \/>Saat k\u00e4ytt\u00f6\u00f6si ammattilaisen, jolla on kokemusta kiinteist\u00f6alalta vuodesta 1993. Asunnon v\u00e4litystoiminnan lis\u00e4ksi osaaminen saneeraus- ja rakennustoiminnasta auttaa asuntojen arvioinnissa ja sinunkin palvelemisessa. Tavoitteena on l\u00f6yt\u00e4\u00e4 juuri sinun tarpeisiin paras mahdollinen ratkaisu.<br style=\"box-sizing: inherit; border: 0px solid currentcolor; color: #333333; font-family: Archivo, Ubuntu, system-ui, -apple-system, BlinkMacSystemFont, 'Segoe UI', Roboto, Oxygen, Cantarell, 'Droid Sans', 'Helvetica Neue', 'Fira Sans', sans-serif; font-size: 24px;\" \/><br style=\"box-sizing: inherit; border: 0px solid currentcolor; color: #333333; font-family: Archivo, Ubuntu, system-ui, -apple-system, BlinkMacSystemFont, 'Segoe UI', Roboto, Oxygen, Cantarell, 'Droid Sans', 'Helvetica Neue', 'Fira Sans', sans-serif; font-size: 24px;\" \/>Mill\u00e4\u00e4n muulla ei ole merkityst\u00e4 kuin asiakastyytyv\u00e4isyydell\u00e4 ja se tarkoittaa juuri sinun tyytyv\u00e4isyytt\u00e4. Olet sitten myym\u00e4ss\u00e4 kotiasi tai ostamassa uutta, niin ota yhteytt\u00e4. V\u00e4ltt\u00e4m\u00e4tt\u00e4 kaikki asunnot eiv\u00e4t n\u00e4y n\u00e4ill\u00e4 sivustoilla. Kerro oma unelmasi ja anna minulle mahdollisuus toteuttaa se.<br style=\"box-sizing: inherit; border: 0px solid currentcolor; color: #333333; font-family: Archivo, Ubuntu, system-ui, -apple-system, BlinkMacSystemFont, 'Segoe UI', Roboto, Oxygen, Cantarell, 'Droid Sans', 'Helvetica Neue', 'Fira Sans', sans-serif; font-size: 24px;\" \/><br style=\"box-sizing: inherit; border: 0px solid currentcolor; color: #333333; font-family: Archivo, Ubuntu, system-ui, -apple-system, BlinkMacSystemFont, 'Segoe UI', Roboto, Oxygen, Cantarell, 'Droid Sans', 'Helvetica Neue', 'Fira Sans', sans-serif; font-size: 24px;\" \/>Katso meid\u00e4n kohteet\u00a0<a style=\"box-sizing: inherit; border-width: 0px 0px 1px; border-color: #c90033; border-image: initial; background-color: #ffffff; transition: color 0.2s ease 0s, background-color 0.2s ease 0s, border-color 0.2s ease 0s; color: #444444; font-family: Archivo, Ubuntu, system-ui, -apple-system, BlinkMacSystemFont, 'Segoe UI', Roboto, Oxygen, Cantarell, 'Droid Sans', 'Helvetica Neue', 'Fira Sans', sans-serif; font-size: 24px;\" href=\"https:\/\/www.etuovi.com\/yritykset\/2577\/kiinteisto-herlevi-lkv\">T\u00c4\u00c4LT\u00c4<\/a><\/p>\n","protected":false},"excerpt":{"rendered":"<p>Me palvelemme sinua Luotettava palvelu on avainasia.Saat k\u00e4ytt\u00f6\u00f6si ammattilaisen, jolla on kokemusta kiinteist\u00f6alalta vuodesta 1993. Asunnon v\u00e4litystoiminnan lis\u00e4ksi osaaminen saneeraus- ja rakennustoiminnasta auttaa asuntojen arvioinnissa ja sinunkin palvelemisessa. Tavoitteena on l\u00f6yt\u00e4\u00e4 juuri sinun tarpeisiin paras mahdollinen ratkaisu.Mill\u00e4\u00e4n muulla ei ole merkityst\u00e4 kuin asiakastyytyv\u00e4isyydell\u00e4 ja se tarkoittaa juuri sinun tyytyv\u00e4isyytt\u00e4. Olet sitten myym\u00e4ss\u00e4 kotiasi tai ostamassa [&hellip;]<\/p>\n","protected":false},"author":3,"featured_media":0,"parent":0,"menu_order":0,"comment_status":"closed","ping_status":"closed","template":"elementor_canvas","meta":{"footnotes":""},"class_list":["post-10","page","type-page","status-publish","hentry"],"_links":{"self":[{"href":"https:\/\/kiinteistoherlevi.fi\/index.php?rest_route=\/wp\/v2\/pages\/10","targetHints":{"allow":["GET"]}}],"collection":[{"href":"https:\/\/kiinteistoherlevi.fi\/index.php?rest_route=\/wp\/v2\/pages"}],"about":[{"href":"https:\/\/kiinteistoherlevi.fi\/index.php?rest_route=\/wp\/v2\/types\/page"}],"author":[{"embeddable":true,"href":"https:\/\/kiinteistoherlevi.fi\/index.php?rest_route=\/wp\/v2\/users\/3"}],"replies":[{"embeddable":true,"href":"https:\/\/kiinteistoherlevi.fi\/index.php?rest_route=%2Fwp%2Fv2%2Fcomments&post=10"}],"version-history":[{"count":19,"href":"https:\/\/kiinteistoherlevi.fi\/index.php?rest_route=\/wp\/v2\/pages\/10\/revisions"}],"predecessor-version":[{"id":117,"href":"https:\/\/kiinteistoherlevi.fi\/index.php?rest_route=\/wp\/v2\/pages\/10\/revisions\/117"}],"wp:attachment":[{"href":"https:\/\/kiinteistoherlevi.fi\/index.php?rest_route=%2Fwp%2Fv2%2Fmedia&parent=10"}],"curies":[{"name":"wp","href":"https:\/\/api.w.org\/{rel}","templated":true}]}}